{"id":25,"date":"2011-11-23T19:46:36","date_gmt":"2011-11-23T18:46:36","guid":{"rendered":"http:\/\/localhost\/?page_id=25"},"modified":"2016-06-22T11:32:35","modified_gmt":"2016-06-22T10:32:35","slug":"contact","status":"publish","type":"page","link":"https:\/\/novidrvnikombinat.rs\/en\/contact\/","title":{"rendered":"Contact"},"content":{"rendered":"<div id=\"kontaktDiv\">\n\n<div class=\"wpcf7 no-js\" id=\"wpcf7-f96-o1\" lang=\"en-US\" dir=\"ltr\" data-wpcf7-id=\"96\">\n<div class=\"screen-reader-response\"><p role=\"status\" aria-live=\"polite\" aria-atomic=\"true\"><\/p> <ul><\/ul><\/div>\n<form action=\"\/en\/wp-json\/wp\/v2\/pages\/25#wpcf7-f96-o1\" method=\"post\" class=\"wpcf7-form init\" aria-label=\"Contact form\" novalidate=\"novalidate\" data-status=\"init\">\n<fieldset class=\"hidden-fields-container\"><input type=\"hidden\" name=\"_wpcf7\" value=\"96\" \/><input type=\"hidden\" name=\"_wpcf7_version\" value=\"6.1.5\" \/><input type=\"hidden\" name=\"_wpcf7_locale\" value=\"en_US\" \/><input type=\"hidden\" name=\"_wpcf7_unit_tag\" value=\"wpcf7-f96-o1\" \/><input type=\"hidden\" name=\"_wpcf7_container_post\" value=\"0\" \/><input type=\"hidden\" name=\"_wpcf7_posted_data_hash\" value=\"\" \/><input type=\"hidden\" name=\"_wpcf7_recaptcha_response\" value=\"\" \/>\n<\/fieldset>\n<p>*Your Name\n<\/p>\n<p><span class=\"wpcf7-form-control-wrap\" data-name=\"your-name\"><input size=\"40\" maxlength=\"400\" class=\"wpcf7-form-control wpcf7-text wpcf7-validates-as-required\" aria-required=\"true\" aria-invalid=\"false\" value=\"\" type=\"text\" name=\"your-name\" \/><\/span>\n<\/p>\n<p>*Your Email\n<\/p>\n<p><span class=\"wpcf7-form-control-wrap\" data-name=\"your-email\"><input size=\"40\" maxlength=\"400\" class=\"wpcf7-form-control wpcf7-email wpcf7-validates-as-required wpcf7-text wpcf7-validates-as-email\" aria-required=\"true\" aria-invalid=\"false\" value=\"\" type=\"email\" name=\"your-email\" \/><\/span>\n<\/p>\n<p>Your Message\n<\/p>\n<p><span class=\"wpcf7-form-control-wrap\" data-name=\"your-message\"><textarea cols=\"40\" rows=\"10\" maxlength=\"2000\" class=\"wpcf7-form-control wpcf7-textarea\" aria-invalid=\"false\" name=\"your-message\"><\/textarea><\/span>\n<\/p>\n<p><input class=\"wpcf7-form-control wpcf7-submit has-spinner\" type=\"submit\" value=\"Send\" \/>\n<\/p><div class=\"wpcf7-response-output\" aria-hidden=\"true\"><\/div>\n<\/form>\n<\/div>\n\n<\/div>\n<p><\/p>\n<div id=\"leviDiv\">\n<h4 class=\"zeleno\">BRANCH HEADQUARTERS<\/h4>\n<p>\u0110ure Dani\u010di\u0107a 104<br \/>\n22000, Sremska Mitrovica, Serbia<br \/>\nphone: +381 22 621672<br \/>\nfax: +381 22 624298<br \/>\ne-mail: <span class=\"zeleno\"><a href=\"mailto:office@novidrvnikombinat.rs\">office@novidrvnikombinat.rs<\/a><\/span><br \/>\nweb: <a href=\"http:\/\/novidrvnikombinat.rs\/\" title=\"Novi drvni kombinat\">www.novidrvnikombinat.rs<\/a><\/p>\n<h4 class=\"zeleno\">WHOLESALE<\/h4>\n<p>\u0110ure Dani\u010di\u0107a 104<br \/>\n22000, Sremska Mitrovica, Serbia<br \/>\nphone: +381 22 611400<br \/>\nphone: +381 22 624284<br \/>\nfax: + 381 22 613235<br \/>\nmob: +381 63 554918<br \/>\ne-mail: <span class=\"zeleno\"><a href=\"mailto:komercijala@novidrvnikombinat.rs\">komercijala@novidrvnikombinat.rs<\/a><\/span><br \/>\nweb: <a href=\"http:\/\/novidrvnikombinat.rs\/\" title=\"Novi drvni kombinat\">www.novidrvnikombinat.rs<\/a><\/p>\n<\/div>\n<div id=\"desniDiv\">\n<h4 class=\"zeleno\">RETAIL<\/h4>\n<p>\u0110ure Dani\u010di\u0107a 104<br \/>\n22000, Sremska Mitrovica, Serbia<br \/>\nphone: +381 22 624297<br \/>\nphone: +381 63 665479<br \/>\ne-mail:<span class=\"zeleno\"><a href=\"mailto:maloprodaja@novidrvnikombinat.rs\">maloprodaja@novidrvnikombinat.rs<\/a><\/span><br \/>\nweb: <a href=\"http:\/\/novidrvnikombinat.rs\/\" title=\"Novi drvni kombinat\">www.novidrvnikombinat.rs<\/a><\/p>\n<\/div>\n","protected":false},"excerpt":{"rendered":"<p>BRANCH HEADQUARTERS \u0110ure Dani\u010di\u0107a 104 22000, Sremska Mitrovica, Serbia phone: +381 22 621672 fax: +381 22 624298 e-mail: office@novidrvnikombinat.rs web: www.novidrvnikombinat.rs WHOLESALE \u0110ure Dani\u010di\u0107a 104 22000, Sremska Mitrovica, Serbia phone: +381 22 611400 phone: +381 22 624284 fax: + 381 22 613235 mob: +381 63 554918 e-mail: komercijala@novidrvnikombinat.rs web: www.novidrvnikombinat.rs RETAIL \u0110ure Dani\u010di\u0107a 104 22000, [&hellip;]<\/p>\n","protected":false},"author":1,"featured_media":0,"parent":0,"menu_order":0,"comment_status":"closed","ping_status":"closed","template":"","meta":{"footnotes":""},"class_list":["post-25","page","type-page","status-publish","hentry"],"yoast_head":"<!-- This site is optimized with the Yoast SEO plugin v27.3 - https:\/\/yoast.com\/product\/yoast-seo-wordpress\/ -->\n<title>Contact<\/title>\n<meta name=\"description\" content=\"Contact us at +381 22 621672 or via e-mail: office@novidrvnikombinat.rs, or visit us at the following address: Dure Danicica Street No 104, 22000 Sremska Mitrovica, Serbia.\" \/>\n<meta name=\"robots\" content=\"index, follow, max-snippet:-1, max-image-preview:large, max-video-preview:-1\" \/>\n<link rel=\"canonical\" href=\"https:\/\/novidrvnikombinat.rs\/en\/contact\/\" \/>\n<meta property=\"og:locale\" content=\"en_US\" \/>\n<meta property=\"og:type\" content=\"article\" \/>\n<meta property=\"og:title\" content=\"Contact\" \/>\n<meta property=\"og:description\" content=\"Contact us at +381 22 621672 or via e-mail: office@novidrvnikombinat.rs, or visit us at the following address: Dure Danicica Street No 104, 22000 Sremska Mitrovica, Serbia.\" \/>\n<meta property=\"og:url\" content=\"https:\/\/novidrvnikombinat.rs\/en\/contact\/\" \/>\n<meta property=\"og:site_name\" content=\"NDK\" \/>\n<meta property=\"article:modified_time\" content=\"2016-06-22T10:32:35+00:00\" \/>\n<meta name=\"twitter:card\" content=\"summary_large_image\" \/>\n<!-- \/ Yoast SEO plugin. -->","yoast_head_json":{"title":"Contact","description":"Contact us at +381 22 621672 or via e-mail: office@novidrvnikombinat.rs, or visit us at the following address: Dure Danicica Street No 104, 22000 Sremska Mitrovica, Serbia.","robots":{"index":"index","follow":"follow","max-snippet":"max-snippet:-1","max-image-preview":"max-image-preview:large","max-video-preview":"max-video-preview:-1"},"canonical":"https:\/\/novidrvnikombinat.rs\/en\/contact\/","og_locale":"en_US","og_type":"article","og_title":"Contact","og_description":"Contact us at +381 22 621672 or via e-mail: office@novidrvnikombinat.rs, or visit us at the following address: Dure Danicica Street No 104, 22000 Sremska Mitrovica, Serbia.","og_url":"https:\/\/novidrvnikombinat.rs\/en\/contact\/","og_site_name":"NDK","article_modified_time":"2016-06-22T10:32:35+00:00","twitter_card":"summary_large_image","schema":{"@context":"https:\/\/schema.org","@graph":[{"@type":"WebPage","@id":"https:\/\/novidrvnikombinat.rs\/en\/contact\/","url":"https:\/\/novidrvnikombinat.rs\/en\/contact\/","name":"Contact","isPartOf":{"@id":"https:\/\/novidrvnikombinat.rs\/en\/#website"},"datePublished":"2011-11-23T18:46:36+00:00","dateModified":"2016-06-22T10:32:35+00:00","description":"Contact us at +381 22 621672 or via e-mail: office@novidrvnikombinat.rs, or visit us at the following address: Dure Danicica Street No 104, 22000 Sremska Mitrovica, Serbia.","breadcrumb":{"@id":"https:\/\/novidrvnikombinat.rs\/en\/contact\/#breadcrumb"},"inLanguage":"en-US","potentialAction":[{"@type":"ReadAction","target":["https:\/\/novidrvnikombinat.rs\/en\/contact\/"]}]},{"@type":"BreadcrumbList","@id":"https:\/\/novidrvnikombinat.rs\/en\/contact\/#breadcrumb","itemListElement":[{"@type":"ListItem","position":1,"name":"Home","item":"https:\/\/novidrvnikombinat.rs\/en\/"},{"@type":"ListItem","position":2,"name":"Contact"}]},{"@type":"WebSite","@id":"https:\/\/novidrvnikombinat.rs\/en\/#website","url":"https:\/\/novidrvnikombinat.rs\/en\/","name":"NDK","description":"","potentialAction":[{"@type":"SearchAction","target":{"@type":"EntryPoint","urlTemplate":"https:\/\/novidrvnikombinat.rs\/en\/?s={search_term_string}"},"query-input":{"@type":"PropertyValueSpecification","valueRequired":true,"valueName":"search_term_string"}}],"inLanguage":"en-US"}]}},"_links":{"self":[{"href":"https:\/\/novidrvnikombinat.rs\/en\/wp-json\/wp\/v2\/pages\/25","targetHints":{"allow":["GET"]}}],"collection":[{"href":"https:\/\/novidrvnikombinat.rs\/en\/wp-json\/wp\/v2\/pages"}],"about":[{"href":"https:\/\/novidrvnikombinat.rs\/en\/wp-json\/wp\/v2\/types\/page"}],"author":[{"embeddable":true,"href":"https:\/\/novidrvnikombinat.rs\/en\/wp-json\/wp\/v2\/users\/1"}],"replies":[{"embeddable":true,"href":"https:\/\/novidrvnikombinat.rs\/en\/wp-json\/wp\/v2\/comments?post=25"}],"version-history":[{"count":11,"href":"https:\/\/novidrvnikombinat.rs\/en\/wp-json\/wp\/v2\/pages\/25\/revisions"}],"predecessor-version":[{"id":98,"href":"https:\/\/novidrvnikombinat.rs\/en\/wp-json\/wp\/v2\/pages\/25\/revisions\/98"}],"wp:attachment":[{"href":"https:\/\/novidrvnikombinat.rs\/en\/wp-json\/wp\/v2\/media?parent=25"}],"curies":[{"name":"wp","href":"https:\/\/api.w.org\/{rel}","templated":true}]}}